{"id":3123,"date":"2023-12-19T09:41:05","date_gmt":"2023-12-19T12:41:05","guid":{"rendered":"https:\/\/www.santanapg.com.br\/site\/?page_id=3123"},"modified":"2023-12-19T09:53:09","modified_gmt":"2023-12-19T12:53:09","slug":"educacao-profissional","status":"publish","type":"page","link":"https:\/\/www.santanapg.com.br\/site\/servicos\/educacao-profissional\/","title":{"rendered":"Educa\u00e7\u00e3o Profissional"},"content":{"rendered":"\t\t<div data-elementor-type=\"wp-page\" data-elementor-id=\"3123\" class=\"elementor elementor-3123\" data-elementor-post-type=\"page\">\n\t\t\t\t<div class=\"elementor-element elementor-element-0262884 e-flex e-con-boxed e-con e-parent\" data-id=\"0262884\" data-element_type=\"container\" data-settings=\"{&quot;background_background&quot;:&quot;classic&quot;}\">\n\t\t\t\t\t<div class=\"e-con-inner\">\n\t\t\t\t<div class=\"elementor-element elementor-element-0253714 elementor-widget__width-inherit elementor-widget elementor-widget-heading\" data-id=\"0253714\" data-element_type=\"widget\" data-widget_type=\"heading.default\">\n\t\t\t\t<div class=\"elementor-widget-container\">\n\t\t\t\t\t<h2 class=\"elementor-heading-title elementor-size-default\">Educa\u00e7\u00e3o Profissional<\/h2>\t\t\t\t<\/div>\n\t\t\t\t<\/div>\n\t\t\t\t\t<\/div>\n\t\t\t\t<\/div>\n\t\t\t\t<section class=\"elementor-section elementor-inner-section elementor-element elementor-element-da10626 elementor-section-full_width elementor-section-height-default elementor-section-height-default\" data-id=\"da10626\" data-element_type=\"section\">\n\t\t\t\t\t\t<div class=\"elementor-container elementor-column-gap-default\">\n\t\t\t\t\t<div class=\"elementor-column elementor-col-25 elementor-inner-column elementor-element elementor-element-f5d9104\" data-id=\"f5d9104\" data-element_type=\"column\">\n\t\t\t<div class=\"elementor-widget-wrap elementor-element-populated\">\n\t\t\t\t<a class=\"eael-wrapper-link-42151453 --eael-wrapper-link-tag\" href=\"https:\/\/www.santanapg.com.br\/avisos\"><\/a>\t\t<div data-eael-wrapper-link=\"eael-wrapper-link-42151453\" class=\"elementor-element elementor-element-42151453 ekit-equal-height-disable elementor-widget elementor-widget-elementskit-icon-box\" data-id=\"42151453\" data-element_type=\"widget\" data-widget_type=\"elementskit-icon-box.default\">\n\t\t\t\t<div class=\"elementor-widget-container\">\n\t\t\t\t\t<div class=\"ekit-wid-con\" >        <!-- link opening -->\n                <a href=\"https:\/\/www.santanapg.com.br\/site\/?page_id=3011\" target=\"_blank\" class=\"ekit_global_links\">\n                <!-- end link opening -->\n\n        <div class=\"elementskit-infobox text-center text- icon-top-align elementor-animation-   \">\n                    <div class=\"elementskit-box-header elementor-animation-\">\n                <div class=\"elementskit-info-box-icon  \">\n                    <i aria-hidden=\"true\" class=\"elementkit-infobox-icon icon icon-medical1\"><\/i>\n                <\/div>\n          <\/div>\n                        <div class=\"box-body\">\n                            <h3 class=\"elementskit-info-box-title\">\n                    T\u00e9cnico An\u00e1lises Cl\u00ednicas                <\/h3>\n                                            <\/div>\n        \n        \n                <\/div>\n                <\/a>\n        <\/div>\t\t\t\t<\/div>\n\t\t\t\t<\/div>\n\t\t\t\t\t<\/div>\n\t\t<\/div>\n\t\t\t\t<div class=\"elementor-column elementor-col-25 elementor-inner-column elementor-element elementor-element-5f6910ea\" data-id=\"5f6910ea\" data-element_type=\"column\">\n\t\t\t<div class=\"elementor-widget-wrap elementor-element-populated\">\n\t\t\t\t<a class=\"eael-wrapper-link-4cb4178 --eael-wrapper-link-tag\" href=\"https:\/\/www.santanapg.com.br\/estuda\/estuda.php\"><\/a>\t\t<div data-eael-wrapper-link=\"eael-wrapper-link-4cb4178\" class=\"elementor-element elementor-element-4cb4178 ekit-equal-height-disable elementor-widget elementor-widget-elementskit-icon-box\" data-id=\"4cb4178\" data-element_type=\"widget\" data-widget_type=\"elementskit-icon-box.default\">\n\t\t\t\t<div class=\"elementor-widget-container\">\n\t\t\t\t\t<div class=\"ekit-wid-con\" >        <!-- link opening -->\n                <a href=\"https:\/\/www.santanapg.com.br\/site\/?page_id=3060\" target=\"_blank\" class=\"ekit_global_links\">\n                <!-- end link opening -->\n\n        <div class=\"elementskit-infobox text-center text- icon-top-align elementor-animation-   \">\n                    <div class=\"elementskit-box-header elementor-animation-\">\n                <div class=\"elementskit-info-box-icon  \">\n                    <i aria-hidden=\"true\" class=\"elementkit-infobox-icon  las la-chalkboard-teacher\"><\/i>\n                <\/div>\n          <\/div>\n                        <div class=\"box-body\">\n                            <h3 class=\"elementskit-info-box-title\">\n                    Forma\u00e7\u00e3o de Docentes                <\/h3>\n                                            <\/div>\n        \n        \n                <\/div>\n                <\/a>\n        <\/div>\t\t\t\t<\/div>\n\t\t\t\t<\/div>\n\t\t\t\t\t<\/div>\n\t\t<\/div>\n\t\t\t\t<div class=\"elementor-column elementor-col-25 elementor-inner-column elementor-element elementor-element-34808811\" data-id=\"34808811\" data-element_type=\"column\">\n\t\t\t<div class=\"elementor-widget-wrap elementor-element-populated\">\n\t\t\t\t<a class=\"eael-wrapper-link-2fd538aa --eael-wrapper-link-tag\" href=\"https:\/\/www.iessa.edu.br:8181\/PortalSimulado\/\"><\/a>\t\t<div data-eael-wrapper-link=\"eael-wrapper-link-2fd538aa\" class=\"elementor-element elementor-element-2fd538aa ekit-equal-height-disable elementor-widget elementor-widget-elementskit-icon-box\" data-id=\"2fd538aa\" data-element_type=\"widget\" data-widget_type=\"elementskit-icon-box.default\">\n\t\t\t\t<div class=\"elementor-widget-container\">\n\t\t\t\t\t<div class=\"ekit-wid-con\" >        <!-- link opening -->\n                <a href=\"https:\/\/www.santanapg.com.br\/site\/?page_id=3049\" target=\"_blank\" class=\"ekit_global_links\">\n                <!-- end link opening -->\n\n        <div class=\"elementskit-infobox text-center text-center icon-top-align elementor-animation-   \">\n                    <div class=\"elementskit-box-header elementor-animation-\">\n                <div class=\"elementskit-info-box-icon  \">\n                    <i aria-hidden=\"true\" class=\"elementkit-infobox-icon  las la-business-time\"><\/i>\n                <\/div>\n          <\/div>\n                        <div class=\"box-body\">\n                            <h3 class=\"elementskit-info-box-title\">\n                    T\u00e9cnico em Administra\u00e7\u00e3o                <\/h3>\n                                            <\/div>\n        \n        \n                <\/div>\n                <\/a>\n        <\/div>\t\t\t\t<\/div>\n\t\t\t\t<\/div>\n\t\t\t\t\t<\/div>\n\t\t<\/div>\n\t\t\t\t<div class=\"elementor-column elementor-col-25 elementor-inner-column elementor-element elementor-element-b9ff517\" data-id=\"b9ff517\" data-element_type=\"column\">\n\t\t\t<div class=\"elementor-widget-wrap elementor-element-populated\">\n\t\t\t\t<a class=\"eael-wrapper-link-8694760 --eael-wrapper-link-tag\" href=\"https:\/\/www.iessa.edu.br\/csa\/boletos\/\"><\/a>\t\t<div data-eael-wrapper-link=\"eael-wrapper-link-8694760\" class=\"elementor-element elementor-element-8694760 ekit-equal-height-disable elementor-widget elementor-widget-elementskit-icon-box\" data-id=\"8694760\" data-element_type=\"widget\" data-widget_type=\"elementskit-icon-box.default\">\n\t\t\t\t<div class=\"elementor-widget-container\">\n\t\t\t\t\t<div class=\"ekit-wid-con\" >        <!-- link opening -->\n                <a href=\"https:\/\/www.santanapg.com.br\/site\/?page_id=3070\" target=\"_blank\" class=\"ekit_global_links\">\n                <!-- end link opening -->\n\n        <div class=\"elementskit-infobox text-center text- icon-top-align elementor-animation-   \">\n                    <div class=\"elementskit-box-header elementor-animation-\">\n                <div class=\"elementskit-info-box-icon  \">\n                    <i aria-hidden=\"true\" class=\"elementkit-infobox-icon icon icon-computer\"><\/i>\n                <\/div>\n          <\/div>\n                        <div class=\"box-body\">\n                            <h3 class=\"elementskit-info-box-title\">\n                    T\u00e9cnico em Inform\u00e1tica                <\/h3>\n                                            <\/div>\n        \n        \n                <\/div>\n                <\/a>\n        <\/div>\t\t\t\t<\/div>\n\t\t\t\t<\/div>\n\t\t\t\t\t<\/div>\n\t\t<\/div>\n\t\t\t\t\t<\/div>\n\t\t<\/section>\n\t\t\t\t<\/div>\n\t\t","protected":false},"excerpt":{"rendered":"<p>Educa\u00e7\u00e3o Profissional T\u00e9cnico An\u00e1lises Cl\u00ednicas Forma\u00e7\u00e3o de Docentes T\u00e9cnico em Administra\u00e7\u00e3o T\u00e9cnico em Inform\u00e1tica<\/p>\n","protected":false},"author":1,"featured_media":0,"parent":1339,"menu_order":6,"comment_status":"closed","ping_status":"closed","template":"","meta":{"_eb_attr":"","footnotes":""},"class_list":["post-3123","page","type-page","status-publish","hentry"],"_links":{"self":[{"href":"https:\/\/www.santanapg.com.br\/site\/wp-json\/wp\/v2\/pages\/3123","targetHints":{"allow":["GET"]}}],"collection":[{"href":"https:\/\/www.santanapg.com.br\/site\/wp-json\/wp\/v2\/pages"}],"about":[{"href":"https:\/\/www.santanapg.com.br\/site\/wp-json\/wp\/v2\/types\/page"}],"author":[{"embeddable":true,"href":"https:\/\/www.santanapg.com.br\/site\/wp-json\/wp\/v2\/users\/1"}],"replies":[{"embeddable":true,"href":"https:\/\/www.santanapg.com.br\/site\/wp-json\/wp\/v2\/comments?post=3123"}],"version-history":[{"count":3,"href":"https:\/\/www.santanapg.com.br\/site\/wp-json\/wp\/v2\/pages\/3123\/revisions"}],"predecessor-version":[{"id":3126,"href":"https:\/\/www.santanapg.com.br\/site\/wp-json\/wp\/v2\/pages\/3123\/revisions\/3126"}],"up":[{"embeddable":true,"href":"https:\/\/www.santanapg.com.br\/site\/wp-json\/wp\/v2\/pages\/1339"}],"wp:attachment":[{"href":"https:\/\/www.santanapg.com.br\/site\/wp-json\/wp\/v2\/media?parent=3123"}],"curies":[{"name":"wp","href":"https:\/\/api.w.org\/{rel}","templated":true}]}}