{"id":208,"date":"2023-06-14T17:48:10","date_gmt":"2023-06-14T20:48:10","guid":{"rendered":"https:\/\/www.santanapg.com.br\/site\/?page_id=208"},"modified":"2023-09-25T20:42:01","modified_gmt":"2023-09-25T23:42:01","slug":"nossa-historia","status":"publish","type":"page","link":"https:\/\/www.santanapg.com.br\/site\/nossa-historia\/","title":{"rendered":"NOSSA HIST\u00d3RIA"},"content":{"rendered":"\t\t<div data-elementor-type=\"wp-page\" data-elementor-id=\"208\" class=\"elementor elementor-208\" data-elementor-post-type=\"page\">\n\t\t\t\t<div class=\"elementor-element elementor-element-f13afaf e-flex e-con-boxed e-con e-parent\" data-id=\"f13afaf\" data-element_type=\"container\" data-settings=\"{&quot;background_background&quot;:&quot;classic&quot;}\">\n\t\t\t\t\t<div class=\"e-con-inner\">\n\t\t\t\t<div class=\"elementor-element elementor-element-321db53 elementor-widget elementor-widget-heading\" data-id=\"321db53\" data-element_type=\"widget\" data-widget_type=\"heading.default\">\n\t\t\t\t<div class=\"elementor-widget-container\">\n\t\t\t\t\t<h1 class=\"elementor-heading-title elementor-size-default\">Nossa hist\u00f3ria<\/h1>\t\t\t\t<\/div>\n\t\t\t\t<\/div>\n\t\t\t\t\t<\/div>\n\t\t\t\t<\/div>\n\t\t<div class=\"elementor-element elementor-element-ee60364 e-flex e-con-boxed e-con e-parent\" data-id=\"ee60364\" data-element_type=\"container\" data-settings=\"{&quot;background_background&quot;:&quot;classic&quot;}\">\n\t\t\t\t\t<div class=\"e-con-inner\">\n\t\t<div class=\"elementor-element elementor-element-d36a2e2 e-con-full e-flex e-con e-child\" data-id=\"d36a2e2\" data-element_type=\"container\">\n\t\t\t\t<div class=\"elementor-element elementor-element-6bec5cd elementor-widget__width-initial elementor-widget elementor-widget-text-editor\" data-id=\"6bec5cd\" data-element_type=\"widget\" data-widget_type=\"text-editor.default\">\n\t\t\t\t<div class=\"elementor-widget-container\">\n\t\t\t\t\t\t\t\t\t<h5>A chegada do Col\u00e9gio Sant&#8217;Ana \u00e0 Ponta Grossa interage com a pr\u00f3pria hist\u00f3ria da cidade.<br \/><br \/>O imponente pr\u00e9dio constru\u00eddo na Rua Pinheiro Machado \u00e9 um verdadeiro monumento \u00e0 persist\u00eancia e dedica\u00e7\u00e3o de mulheres fortes que, ao perseguir seus mais nobres ideais, lutaram para implantar uma educa\u00e7\u00e3o de qualidade na regi\u00e3o.<\/h5>\t\t\t\t\t\t\t\t<\/div>\n\t\t\t\t<\/div>\n\t\t\t\t<\/div>\n\t\t<div class=\"elementor-element elementor-element-bfacfed e-con-full e-flex e-con e-child\" data-id=\"bfacfed\" data-element_type=\"container\">\n\t\t\t\t<div class=\"elementor-element elementor-element-e1ff46b elementor-widget elementor-widget-eael-sticky-video\" data-id=\"e1ff46b\" data-element_type=\"widget\" data-widget_type=\"eael-sticky-video.default\">\n\t\t\t\t<div class=\"elementor-widget-container\">\n\t\t\t\t\t<div class=\"eael-sticky-video-wrapper eaelsv-overlay-visibility-\"><div class=\"eael-sticky-video-player2\" data-sticky=\"yes\" data-position=\"top-left\" data-sheight=\"169\" data-swidth=\"300\" data-scroll_height=\"70\" data-autoplay=\"yes\" data-overlay=\"no\"><div\n\t\t\tid=\"eaelsv-player-e1ff46b\"\n\t\t\tdata-plyr-provider=\"youtube\"\n\t\t\tdata-plyr-embed-id=\"R-FtrxymfbE\"\n\t\t\tdata-plyr-config=\"{&quot;storage&quot;: {&quot;enabled&quot;: false, &quot;key&quot;: &quot;plyr&quot;}, &quot;autoplay&quot;:1, &quot;muted&quot;:1, &quot;volume&quot;:0, &quot;loop&quot;: {&quot;active&quot;: false}}\"\n\t\t><\/div>\n\t\t\t\t<span class=\"eaelsv-sticky-player-close\"><i class=\"fas fa-times-circle\"><\/i><\/span>\n\t\t\t<\/div>\n\t\t<\/div>\t\t\t\t<\/div>\n\t\t\t\t<\/div>\n\t\t\t\t<\/div>\n\t\t\t\t\t<\/div>\n\t\t\t\t<\/div>\n\t\t<div class=\"elementor-element elementor-element-fcf05e8 e-flex e-con-boxed e-con e-parent\" data-id=\"fcf05e8\" data-element_type=\"container\">\n\t\t\t\t\t<div class=\"e-con-inner\">\n\t\t\t\t<div class=\"elementor-element elementor-element-2235e5d elementor-widget elementor-widget-timeline-widget-addon\" data-id=\"2235e5d\" data-element_type=\"widget\" data-widget_type=\"timeline-widget-addon.default\">\n\t\t\t\t<div class=\"elementor-widget-container\">\n\t\t\t\t\t<!-- ========= Timeline Widget  Addon For Elementor 1.6.12 ========= -->\n<div id=\"twae-wrapper-2235e5d\" class=\"twae-wrapper twae-horizontal-timeline\">\n<div class=\"twae-wrapper-inside\">\n <div id=\"twae-slider-container-2235e5d\" data-dir=\"\" data-slidestoshow=\"4\" data-autoplay=\"false\" data-auto-height=\"true\" class=\"twae-slider-container swiper-container\">\n <div  class=\"twae-slider-wrapper swiper-wrapper no-height\"><!-- Start of Story Repeater Content --><div id=\"twae-article-d65b040\" class=\"twae-repeater-item twae-story swiper-slide twae-story-no-icon\"><!-- Story Label --><div class=\"twae-labels\"><div class=\"twae-label-big\">In\u00edcio do s\u00e9culo XX<\/div><\/div><!-- Story Icon --><div class=\"twae-icon\"><i aria-hidden=\"true\" class=\"far fa-clock\"><\/i><\/div><!-- Story Arrow --><div class=\"twae-arrow\"><\/div><!-- Start of Story Content --><div class=\"twae-content\"><!-- Story Image --><div class=\"twae-media large\"><img fetchpriority=\"high\" decoding=\"async\" width=\"800\" height=\"505\" src=\"https:\/\/www.santanapg.com.br\/site\/wp-content\/uploads\/2023\/06\/ipatrimonio_Ponta-Grossa-Colegio-Santana-_Imagem-Prefeitura-Municipal.jpg\" class=\"attachment-large size-large\" alt=\"\" srcset=\"https:\/\/www.santanapg.com.br\/site\/wp-content\/uploads\/2023\/06\/ipatrimonio_Ponta-Grossa-Colegio-Santana-_Imagem-Prefeitura-Municipal.jpg 1024w, https:\/\/www.santanapg.com.br\/site\/wp-content\/uploads\/2023\/06\/ipatrimonio_Ponta-Grossa-Colegio-Santana-_Imagem-Prefeitura-Municipal-300x189.jpg 300w, https:\/\/www.santanapg.com.br\/site\/wp-content\/uploads\/2023\/06\/ipatrimonio_Ponta-Grossa-Colegio-Santana-_Imagem-Prefeitura-Municipal-768x485.jpg 768w\" sizes=\"(max-width: 800px) 100vw, 800px\" \/><\/div><!-- Story Description --><div class=\"twae-description\"><p style=\"text-align: left\">Na distante Alemanha do come\u00e7o do s\u00e9culo XX, o padre Alem\u00e3o Arnaldo Janssen difundia entre as religiosas da congrega\u00e7\u00e3o que ele fundou o carisma de uma vida profundamente mission\u00e1ria: ir pelo mundo e mostrar Deus. Em um contexto de forte persegui\u00e7\u00e3o ao catolicismo na \u00e9poca, algumas irm\u00e3s embarcaram em uma longa viagem com destino ao Brasil.<\/p><\/div><\/div><\/div><!-- Start of Story Repeater Content --><div id=\"twae-article-cb5144c\" class=\"twae-repeater-item twae-story swiper-slide twae-story-no-icon\"><!-- Story Label --><div class=\"twae-labels\"><div class=\"twae-label-big twae-label-big\">1905<\/div><\/div><!-- Story Icon --><div class=\"twae-icon\"><i aria-hidden=\"true\" class=\"far fa-clock\"><\/i><\/div><!-- Story Arrow --><div class=\"twae-arrow\"><\/div><!-- Start of Story Content --><div class=\"twae-content\"><!-- Story Description --><div class=\"twae-description twae-description\"><p>Ap\u00f3s muitos meses, entre a fuma\u00e7a dos navios \u00e0 vapor, o ritmo fren\u00e9tico das locomotivas e trechos percorridos por carros de tra\u00e7\u00e3o animal, tr\u00eas religiosas desembarcaram na pequena Ponta Grossa, no ano de 1905. Irm\u00e3 Regina, Irm\u00e3 Dionysia e Irm\u00e3 Suitberta traziam no semblante a ilumina\u00e7\u00e3o da novidade e muita for\u00e7a de vontade para come\u00e7ar. Elas iniciaram aqui a primeira casa das Irm\u00e3s Mission\u00e1rias Servas do Esp\u00edrito Santo e, no dia 21 de mar\u00e7o daquele ano, come\u00e7aram a primeira escola cat\u00f3lica da cidade. Nascia assim o Col\u00e9gio Sant'Ana.<\/p><\/div><\/div><\/div><!-- Start of Story Repeater Content --><div id=\"twae-article-5f6dba8\" class=\"twae-repeater-item twae-story swiper-slide twae-story-no-icon\"><!-- Story Icon --><div class=\"twae-icon\"><i aria-hidden=\"true\" class=\"far fa-clock\"><\/i><\/div><!-- Story Arrow --><div class=\"twae-arrow\"><\/div><!-- Start of Story Content --><div class=\"twae-content\"><!-- Story Description --><div class=\"twae-description twae-description twae-description\"><p>Com a miss\u00e3o de propagar a f\u00e9 cat\u00f3lica na regi\u00e3o e atender \u00e0 educa\u00e7\u00e3o dos filhos de imigrantes alem\u00e3es, as irm\u00e3s deram in\u00edcio \u00e0s atividades a partir da escola paroquial criada pelo padre Aloys Berger, que j\u00e1 contava com cerca de 30 alunos. Ela ficava na Rua Coronel Cl\u00e1udio (atual cal\u00e7ad\u00e3o) e al\u00e9m de servir como escola era tamb\u00e9m a casa das irm\u00e3s.\u00a0<\/p><\/div><\/div><\/div><!-- Start of Story Repeater Content --><div id=\"twae-article-5693370\" class=\"twae-repeater-item twae-story swiper-slide twae-story-no-icon\"><!-- Story Label --><div class=\"twae-labels\"><div class=\"twae-label-big twae-label-big twae-label-big twae-label-big\">1907 <\/div><\/div><!-- Story Icon --><div class=\"twae-icon\"><i aria-hidden=\"true\" class=\"far fa-clock\"><\/i><\/div><!-- Story Arrow --><div class=\"twae-arrow\"><\/div><!-- Start of Story Content --><div class=\"twae-content\"><!-- Story Description --><div class=\"twae-description twae-description twae-description twae-description\"><p>Inicialmente, elas sofreram muito; tiveram por diversas vezes a casa atingida pela a\u00e7\u00e3o de v\u00e2ndalos que buscavam hostilizar as religiosas alem\u00e3s. H\u00e1 registros que v\u00e1rios moradores se revezavam para garantir a seguran\u00e7a das religiosas durante a noite, impedindo os ataques. Mais tarde elas se mudaram para quase em frente ao largo do Ros\u00e1rio, atual Pra\u00e7a Bar\u00e3o do Rio Branco. Segundo registros da \u00e9poca, em 1907 a escola j\u00e1 possu\u00eda 140 alunas, sendo que a procura j\u00e1 n\u00e3o era somente de alem\u00e3es, mas tamb\u00e9m poloneses que pediram \u00e0s irm\u00e3s que as aulas tamb\u00e9m fossem dadas em sua l\u00edngua natal.<\/p><\/div><\/div><\/div><!-- Start of Story Repeater Content --><div id=\"twae-article-937f495\" class=\"twae-repeater-item twae-story swiper-slide twae-story-no-icon\"><!-- Story Icon --><div class=\"twae-icon\"><i aria-hidden=\"true\" class=\"far fa-clock\"><\/i><\/div><!-- Story Arrow --><div class=\"twae-arrow\"><\/div><!-- Start of Story Content --><div class=\"twae-content\"><!-- Story Description --><div class=\"twae-description twae-description twae-description twae-description twae-description\"><p>Na esteira do educand\u00e1rio em pleno desenvolvimento, a chegada dos Mission\u00e1rios do Verbo Divino, ramo masculino fundado por Arnaldo Janssen, abriu a possibilidade do ensino exclusivo aos meninos por meio do Col\u00e9gio Diocesano S\u00e3o Luiz.<\/p><\/div><\/div><\/div><!-- Start of Story Repeater Content --><div id=\"twae-article-68b76ed\" class=\"twae-repeater-item twae-story swiper-slide twae-story-no-icon\"><!-- Story Label --><div class=\"twae-labels\"><div class=\"twae-label-big twae-label-big twae-label-big twae-label-big twae-label-big twae-label-big\">EXPANS\u00c3O<\/div><\/div><!-- Story Icon --><div class=\"twae-icon\"><i aria-hidden=\"true\" class=\"far fa-clock\"><\/i><\/div><!-- Story Arrow --><div class=\"twae-arrow\"><\/div><!-- Start of Story Content --><div class=\"twae-content\"><!-- Story Description --><div class=\"twae-description twae-description twae-description twae-description twae-description twae-description\"><p>Pr\u00f3ximo de completar a primeira d\u00e9cada do s\u00e9culo XX, com o crescimento das atividades e do n\u00famero de irm\u00e3s, duas \u00e1reas pr\u00f3ximas \u00e0 Igreja do Ros\u00e1rio (que ainda era uma capela) foram compradas pela congrega\u00e7\u00e3o: um logo atr\u00e1s da capela e outro na Pra\u00e7a Bar\u00e3o do Rio Branco, esquina com a Rua do Ros\u00e1rio. O pr\u00e9dio existe at\u00e9 hoje, estando pr\u00f3ximo ao Col\u00e9gio Regente Feij\u00f3.<\/p><\/div><\/div><\/div><!-- Start of Story Repeater Content --><div id=\"twae-article-47a40cd\" class=\"twae-repeater-item twae-story swiper-slide twae-story-no-icon\"><!-- Story Label --><div class=\"twae-labels\"><div class=\"twae-label-big twae-label-big twae-label-big twae-label-big twae-label-big twae-label-big twae-label-big\">1917<\/div><\/div><!-- Story Icon --><div class=\"twae-icon\"><i aria-hidden=\"true\" class=\"far fa-clock\"><\/i><\/div><!-- Story Arrow --><div class=\"twae-arrow\"><\/div><!-- Start of Story Content --><div class=\"twae-content\"><!-- Story Description --><div class=\"twae-description twae-description twae-description twae-description twae-description twae-description twae-description\"><p>Atr\u00e1s da Capela do Ros\u00e1rio construiu-se o primeiro Col\u00e9gio Diocesano S\u00e3o Luiz. Mais tarde, em 1917, foi constru\u00eddo um pr\u00e9dio com mais pavimentos, para abrigar a resid\u00eancia dos padres.<\/p><p>Nesta fase tamb\u00e9m se expandiu o trabalho das irm\u00e3s que, al\u00e9m de atuar na educa\u00e7\u00e3o, tamb\u00e9m realizavam trabalhos pastorais paroquiais em diversas regi\u00f5es da cidade.<\/p><\/div><\/div><\/div><!-- Start of Story Repeater Content --><div id=\"twae-article-dc0499b\" class=\"twae-repeater-item twae-story swiper-slide twae-story-no-icon\"><!-- Story Label --><div class=\"twae-labels\"><div class=\"twae-label-big twae-label-big twae-label-big twae-label-big twae-label-big twae-label-big twae-label-big twae-label-big\">1920 - 1933<\/div><\/div><!-- Story Icon --><div class=\"twae-icon\"><i aria-hidden=\"true\" class=\"far fa-clock\"><\/i><\/div><!-- Story Arrow --><div class=\"twae-arrow\"><\/div><!-- Start of Story Content --><div class=\"twae-content\"><!-- Story Description --><div class=\"twae-description twae-description twae-description twae-description twae-description twae-description twae-description twae-description\"><p>A Primeira Guerra Mundial imp\u00f4s novos obst\u00e1culos \u00e0 miss\u00e3o das irm\u00e3s em Ponta Grossa. Com a proibi\u00e7\u00e3o do idioma alem\u00e3o, a partir de 1920 uma mudan\u00e7a no perfil de professoras e novas leis na \u00e9poca oportunizaram novos caminhos na hist\u00f3ria do col\u00e9gio.<\/p><p>Em 1933, algumas irm\u00e3s chegaram da Pol\u00f4nia para cuidar de outro col\u00e9gio e assumiram a escola Polonesa. Nascia assim a Escola Sagrada Fam\u00edlia.<\/p><\/div><\/div><\/div><!-- Start of Story Repeater Content --><div id=\"twae-article-0b5042f\" class=\"twae-repeater-item twae-story swiper-slide twae-story-no-icon\"><!-- Story Label --><div class=\"twae-labels\"><div class=\"twae-label-big twae-label-big twae-label-big twae-label-big twae-label-big twae-label-big twae-label-big twae-label-big twae-label-big\">1946<\/div><\/div><!-- Story Icon --><div class=\"twae-icon\"><i aria-hidden=\"true\" class=\"far fa-clock\"><\/i><\/div><!-- Story Arrow --><div class=\"twae-arrow\"><\/div><!-- Start of Story Content --><div class=\"twae-content\"><!-- Story Description --><div class=\"twae-description twae-description twae-description twae-description twae-description twae-description twae-description twae-description twae-description\"><p>Antes ainda do fim da grande guerra, as irm\u00e3s receberam permiss\u00e3o para implantar o Curso Ginasial. Em 1946 inicia-se o curso Normal para forma\u00e7\u00e3o de professores (Magist\u00e9rio) que funciona at\u00e9 hoje.<\/p><\/div><\/div><\/div><!-- Start of Story Repeater Content --><div id=\"twae-article-522ba7a\" class=\"twae-repeater-item twae-story swiper-slide twae-story-no-icon\"><!-- Story Label --><div class=\"twae-labels\"><div class=\"twae-label-big twae-label-big twae-label-big twae-label-big twae-label-big twae-label-big twae-label-big twae-label-big twae-label-big twae-label-big\">1950<\/div><\/div><!-- Story Icon --><div class=\"twae-icon\"><i aria-hidden=\"true\" class=\"far fa-clock\"><\/i><\/div><!-- Story Arrow --><div class=\"twae-arrow\"><\/div><!-- Start of Story Content --><div class=\"twae-content\"><!-- Story Description --><div class=\"twae-description twae-description twae-description twae-description twae-description twae-description twae-description twae-description twae-description twae-description\"><p>Em 1950 o Col\u00e9gio instalou-se no pr\u00e9dio onde atualmente se encontra o outro pr\u00e9dio (da pra\u00e7a Bar\u00e3o do Rio Branco) destinado \u00e0 educa\u00e7\u00e3o dos meninos - o Col\u00e9gio S\u00e3o Luiz.<\/p><p>\u00a0<\/p><\/div><\/div><\/div><!-- Start of Story Repeater Content --><div id=\"twae-article-d717ec5\" class=\"twae-repeater-item twae-story swiper-slide twae-story-no-icon\"><!-- Story Label --><div class=\"twae-labels\"><div class=\"twae-label-big twae-label-big twae-label-big twae-label-big twae-label-big twae-label-big twae-label-big twae-label-big twae-label-big twae-label-big twae-label-big\">ONTEM, HOJE E SEMPRE<\/div><\/div><!-- Story Icon --><div class=\"twae-icon\"><i aria-hidden=\"true\" class=\"far fa-clock\"><\/i><\/div><!-- Story Arrow --><div class=\"twae-arrow\"><\/div><!-- Start of Story Content --><div class=\"twae-content\"><!-- Story Description --><div class=\"twae-description twae-description twae-description twae-description twae-description twae-description twae-description twae-description twae-description twae-description twae-description\"><p>Atendendo uma comunidade de aproximadamente 1300 alunos, o Col\u00e9gio Sant'Ana hoje segue sua miss\u00e3o de colaborar diretamente com a vida pontagrossense por meio de cidad\u00e3os engajados e nutridos de conhecimento e valores. Com o surgimento de novas necessidades, o Col\u00e9gio hoje oferece Educa\u00e7\u00e3o Infantil, Ensino Fundamental e M\u00e9dio, com Terceir\u00e3o preparat\u00f3rio para o vestibular.<\/p><\/div><\/div><\/div><!-- Start of Story Repeater Content --><div id=\"twae-article-fcb35a6\" class=\"twae-repeater-item twae-story swiper-slide twae-story-no-icon\"><!-- Story Icon --><div class=\"twae-icon\"><i aria-hidden=\"true\" class=\"far fa-clock\"><\/i><\/div><!-- Story Arrow --><div class=\"twae-arrow\"><\/div><!-- Start of Story Content --><div class=\"twae-content\"><!-- Story Description --><div class=\"twae-description twae-description twae-description twae-description twae-description twae-description twae-description twae-description twae-description twae-description twae-description twae-description\"><p>Al\u00e9m disso, oferece aos seus alunos educa\u00e7\u00e3o profissional com os cursos de forma\u00e7\u00e3o de docentes,cursos t\u00e9cnicos em Inform\u00e1tica, Administra\u00e7\u00e3o e An\u00e1lises Cl\u00ednicas<\/p><p>Ainda estende seus trabalhos ao ensino superior atrav\u00e9s da Faculdade Sant'Ana, sendo um dos pioneiros na cidade no curso de Psicologia.<\/p><\/div><\/div><\/div><!-- Start of Story Repeater Content --><div id=\"twae-article-dcf641c\" class=\"twae-repeater-item twae-story swiper-slide twae-story-no-icon\"><!-- Story Icon --><div class=\"twae-icon\"><i aria-hidden=\"true\" class=\"far fa-clock\"><\/i><\/div><!-- Story Arrow --><div class=\"twae-arrow\"><\/div><!-- Start of Story Content --><div class=\"twae-content\"><!-- Story Description --><div class=\"twae-description twae-description twae-description twae-description twae-description twae-description twae-description twae-description twae-description twae-description twae-description twae-description twae-description\"><p>Uma hist\u00f3ria que come\u00e7ou com o sonho e trabalho de tr\u00eas irm\u00e3s que, da distante Alemanha, n\u00e3o recuaram frente aos desafios; plantaram a semente de uma frondosa \u00e1rvore que hoje espalha seus frutos para os quatro cantos do mundo.<\/p><\/div><\/div><\/div><!-- Start of Story Repeater Content --><div id=\"twae-article-6ace7a6\" class=\"twae-repeater-item twae-story swiper-slide twae-story-no-icon\"><!-- Story Label --><div class=\"twae-labels\"><div class=\"twae-label-big twae-label-big twae-label-big twae-label-big twae-label-big twae-label-big twae-label-big twae-label-big twae-label-big twae-label-big twae-label-big twae-label-big twae-label-big twae-label-big\">FILANTROPIA<\/div><\/div><!-- Story Icon --><div class=\"twae-icon\"><i aria-hidden=\"true\" class=\"far fa-clock\"><\/i><\/div><!-- Story Arrow --><div class=\"twae-arrow\"><\/div><!-- Start of Story Content --><div class=\"twae-content\"><!-- Story Description --><div class=\"twae-description twae-description twae-description twae-description twae-description twae-description twae-description twae-description twae-description twae-description twae-description twae-description twae-description twae-description\"><p>desde 1993 o Col\u00e9gio Sant\u2019Ana tem como bra\u00e7o social o CEI Vila Cl\u00f3ris \u2013 Centro de Educa\u00e7\u00e3o Infantil e desde 2020 a Escola Arnaldo Janssen \u2013 Sant\u2019Ana Ensino Fundamental 1. Em cada institui\u00e7\u00e3o s\u00e3o atendidas aproximadamente 100 crian\u00e7as de fam\u00edlias de baixa renda daquelas localidades.<\/p><p>\u00a0<\/p><\/div><\/div><\/div><\/div><\/div><\/div> <!-- Add Arrows -->\n       <div class=\"twae-button-prev\"><i class=\"fas fa-chevron-left\"><\/i><\/div>\n       <div class=\"twae-button-next\"><i class=\"fas fa-chevron-right\"><\/i><\/div>\n       <div class=\"twae-h-line\"><\/div>\n       <div class=\"twae-line-fill\"><\/div>\n    <\/div><style type=\"text\/css\">@media (max-width: 1024px){ .twae-wrapper{--tw-ybx-size: 75px !important;}}@media (max-width: 767px){ .twae-wrapper{--tw-ybx-size: 75px !important}}<\/style>\t\t\t\t<\/div>\n\t\t\t\t<\/div>\n\t\t\t\t\t<\/div>\n\t\t\t\t<\/div>\n\t\t\t\t<\/div>\n\t\t","protected":false},"excerpt":{"rendered":"<p>Nossa hist\u00f3ria A chegada do Col\u00e9gio Sant&#8217;Ana \u00e0 Ponta Grossa interage com a pr\u00f3pria hist\u00f3ria da cidade. O imponente pr\u00e9dio constru\u00eddo na Rua Pinheiro Machado \u00e9 um verdadeiro monumento \u00e0 persist\u00eancia e dedica\u00e7\u00e3o de mulheres fortes que, ao perseguir seus mais nobres ideais, lutaram para implantar uma educa\u00e7\u00e3o de qualidade na regi\u00e3o. In\u00edcio do s\u00e9culo [&hellip;]<\/p>\n","protected":false},"author":2,"featured_media":0,"parent":0,"menu_order":13,"comment_status":"closed","ping_status":"closed","template":"","meta":{"_eb_attr":"","footnotes":""},"class_list":["post-208","page","type-page","status-publish","hentry"],"_links":{"self":[{"href":"https:\/\/www.santanapg.com.br\/site\/wp-json\/wp\/v2\/pages\/208","targetHints":{"allow":["GET"]}}],"collection":[{"href":"https:\/\/www.santanapg.com.br\/site\/wp-json\/wp\/v2\/pages"}],"about":[{"href":"https:\/\/www.santanapg.com.br\/site\/wp-json\/wp\/v2\/types\/page"}],"author":[{"embeddable":true,"href":"https:\/\/www.santanapg.com.br\/site\/wp-json\/wp\/v2\/users\/2"}],"replies":[{"embeddable":true,"href":"https:\/\/www.santanapg.com.br\/site\/wp-json\/wp\/v2\/comments?post=208"}],"version-history":[{"count":192,"href":"https:\/\/www.santanapg.com.br\/site\/wp-json\/wp\/v2\/pages\/208\/revisions"}],"predecessor-version":[{"id":2814,"href":"https:\/\/www.santanapg.com.br\/site\/wp-json\/wp\/v2\/pages\/208\/revisions\/2814"}],"wp:attachment":[{"href":"https:\/\/www.santanapg.com.br\/site\/wp-json\/wp\/v2\/media?parent=208"}],"curies":[{"name":"wp","href":"https:\/\/api.w.org\/{rel}","templated":true}]}}