{"id":1365,"date":"2023-06-20T16:22:58","date_gmt":"2023-06-20T19:22:58","guid":{"rendered":"https:\/\/www.santanapg.com.br\/site\/?page_id=1365"},"modified":"2025-01-07T12:54:36","modified_gmt":"2025-01-07T15:54:36","slug":"matriculas","status":"publish","type":"page","link":"https:\/\/www.santanapg.com.br\/site\/servicos\/matriculas\/","title":{"rendered":"MATR\u00cdCULAS"},"content":{"rendered":"\t\t<div data-elementor-type=\"wp-page\" data-elementor-id=\"1365\" class=\"elementor elementor-1365\" data-elementor-post-type=\"page\">\n\t\t\t\t<div class=\"elementor-element elementor-element-9d56d35 e-flex e-con-boxed e-con e-parent\" data-id=\"9d56d35\" data-element_type=\"container\" data-settings=\"{&quot;background_background&quot;:&quot;classic&quot;}\">\n\t\t\t\t\t<div class=\"e-con-inner\">\n\t\t\t\t<div class=\"elementor-element elementor-element-4f729e6 elementor-widget__width-inherit elementor-widget elementor-widget-heading\" data-id=\"4f729e6\" data-element_type=\"widget\" data-widget_type=\"heading.default\">\n\t\t\t\t<div class=\"elementor-widget-container\">\n\t\t\t\t\t<h2 class=\"elementor-heading-title elementor-size-default\">Secretaria<\/h2>\t\t\t\t<\/div>\n\t\t\t\t<\/div>\n\t\t\t\t\t<\/div>\n\t\t\t\t<\/div>\n\t\t<div class=\"elementor-element elementor-element-18faa00 e-con-full e-flex e-con e-parent\" data-id=\"18faa00\" data-element_type=\"container\">\n\t\t<div class=\"elementor-element elementor-element-40275d2 e-con-full e-flex e-con e-parent\" data-id=\"40275d2\" data-element_type=\"container\">\n\t\t\t\t<div class=\"elementor-element elementor-element-19acf02 elementor-widget elementor-widget-image\" data-id=\"19acf02\" data-element_type=\"widget\" data-widget_type=\"image.default\">\n\t\t\t\t<div class=\"elementor-widget-container\">\n\t\t\t\t\t\t\t\t\t\t\t\t\t\t\t\t<a href=\"https:\/\/www.santanapg.com.br\/matricula\/listamaterial.php\">\n\t\t\t\t\t\t\t<img decoding=\"async\" src=\"https:\/\/www.santanapg.com.br\/site\/wp-content\/uploads\/elementor\/thumbs\/ico_lista-materiais-q897h8ew2mp78jv11z7jdb3sltyaw3gmrkk2ulcao4.png\" title=\"ico_lista materiais\" alt=\"ico_lista materiais\" loading=\"lazy\" \/>\t\t\t\t\t\t\t\t<\/a>\n\t\t\t\t\t\t\t\t\t\t\t\t\t\t\t<\/div>\n\t\t\t\t<\/div>\n\t\t\t\t<div class=\"elementor-element elementor-element-03369fa elementor-widget elementor-widget-heading\" data-id=\"03369fa\" data-element_type=\"widget\" data-widget_type=\"heading.default\">\n\t\t\t\t<div class=\"elementor-widget-container\">\n\t\t\t\t\t<h5 class=\"elementor-heading-title elementor-size-default\">Lista de Materiais<\/h5>\t\t\t\t<\/div>\n\t\t\t\t<\/div>\n\t\t\t\t<div class=\"elementor-element elementor-element-d17cd1a elementor-widget elementor-widget-text-editor\" data-id=\"d17cd1a\" data-element_type=\"widget\" data-widget_type=\"text-editor.default\">\n\t\t\t\t<div class=\"elementor-widget-container\">\n\t\t\t\t\t\t\t\t\t<p>Confira os itens necess\u00e1rios para a rotina escolar do segmento do seu filho<\/p>\t\t\t\t\t\t\t\t<\/div>\n\t\t\t\t<\/div>\n\t\t\t\t<\/div>\n\t\t<div class=\"elementor-element elementor-element-b141fdd e-con-full e-flex e-con e-parent\" data-id=\"b141fdd\" data-element_type=\"container\">\n\t\t\t\t<div class=\"elementor-element elementor-element-79921e2 elementor-widget elementor-widget-image\" data-id=\"79921e2\" data-element_type=\"widget\" data-widget_type=\"image.default\">\n\t\t\t\t<div class=\"elementor-widget-container\">\n\t\t\t\t\t\t\t\t\t\t\t\t\t\t\t\t<a href=\"https:\/\/wa.me\/5542984027781?text=Ol\u00e1,%20estou%20interessado%20em%20conhecer%20mais%20sobre%20o%20col\u00e9gio!%20Gostaria%20de%20agendar%20uma%20visita.\">\n\t\t\t\t\t\t\t<img decoding=\"async\" src=\"https:\/\/www.santanapg.com.br\/site\/wp-content\/uploads\/elementor\/thumbs\/ico_pastas-q898277aileg7fenmjgyhimxm8m1l1p3bcez7s95vo.png\" title=\"ico_pastas\" alt=\"ico_pastas\" loading=\"lazy\" \/>\t\t\t\t\t\t\t\t<\/a>\n\t\t\t\t\t\t\t\t\t\t\t\t\t\t\t<\/div>\n\t\t\t\t<\/div>\n\t\t\t\t<div class=\"elementor-element elementor-element-387079e elementor-widget elementor-widget-heading\" data-id=\"387079e\" data-element_type=\"widget\" data-widget_type=\"heading.default\">\n\t\t\t\t<div class=\"elementor-widget-container\">\n\t\t\t\t\t<h5 class=\"elementor-heading-title elementor-size-default\"><a href=\"https:\/\/wa.me\/5542984027781?text=Ol\u00e1,%20estou%20interessado%20em%20conhecer%20mais%20sobre%20o%20col\u00e9gio!%20Gostaria%20de%20agendar%20uma%20visita.\">Novas matr\u00edculas<\/a><\/h5>\t\t\t\t<\/div>\n\t\t\t\t<\/div>\n\t\t\t\t<div class=\"elementor-element elementor-element-05b74b2 elementor-widget elementor-widget-text-editor\" data-id=\"05b74b2\" data-element_type=\"widget\" data-widget_type=\"text-editor.default\">\n\t\t\t\t<div class=\"elementor-widget-container\">\n\t\t\t\t\t\t\t\t\t<p>Est\u00e1 em busca de um ambiente acolhedor, inovador e que estimule o desenvolvimento integral do seu filho(a)? <br \/>Voc\u00ea est\u00e1 a um clique para agendar uma visita e descobrir tudo o que nosso col\u00e9gio tem a oferecer! \u00d3tima estrutura, educa\u00e7\u00e3o de qualidade e um time de profissionais prontos para acolher sua fam\u00edlia!<\/p>\t\t\t\t\t\t\t\t<\/div>\n\t\t\t\t<\/div>\n\t\t\t\t<\/div>\n\t\t<a class=\"eael-wrapper-link-7ded471 --eael-wrapper-link-tag\" href=\"https:\/\/www.santanapg.com.br\/matricula2024\/\"><\/a><div data-eael-wrapper-link=\"eael-wrapper-link-7ded471\" class=\"elementor-element elementor-element-7ded471 e-con-full e-flex e-con e-parent\" data-id=\"7ded471\" data-element_type=\"container\">\n\t\t\t\t<div class=\"elementor-element elementor-element-034e75a elementor-widget elementor-widget-image\" data-id=\"034e75a\" data-element_type=\"widget\" data-widget_type=\"image.default\">\n\t\t\t\t<div class=\"elementor-widget-container\">\n\t\t\t\t\t\t\t\t\t\t\t\t\t\t\t<img decoding=\"async\" src=\"https:\/\/www.santanapg.com.br\/site\/wp-content\/uploads\/elementor\/thumbs\/ico_renovacaomatricula-q897h8ew2mp78jv11z7jdb3sltyaw3gmrkk2ulcao4.png\" title=\"ico_renovacaomatricula\" alt=\"ico_renovacaomatricula\" loading=\"lazy\" \/>\t\t\t\t\t\t\t\t\t\t\t\t\t\t\t<\/div>\n\t\t\t\t<\/div>\n\t\t\t\t<div class=\"elementor-element elementor-element-5adbfea elementor-widget elementor-widget-heading\" data-id=\"5adbfea\" data-element_type=\"widget\" data-widget_type=\"heading.default\">\n\t\t\t\t<div class=\"elementor-widget-container\">\n\t\t\t\t\t<h5 class=\"elementor-heading-title elementor-size-default\">Renovar matr\u00edcula<\/h5>\t\t\t\t<\/div>\n\t\t\t\t<\/div>\n\t\t\t\t<div class=\"elementor-element elementor-element-f611a32 elementor-widget elementor-widget-text-editor\" data-id=\"f611a32\" data-element_type=\"widget\" data-widget_type=\"text-editor.default\">\n\t\t\t\t<div class=\"elementor-widget-container\">\n\t\t\t\t\t\t\t\t\t<p>Acesse o sistema e realize a solicita\u00e7\u00e3o virtual de renova\u00e7\u00e3o de matr\u00edcula.<\/p>\t\t\t\t\t\t\t\t<\/div>\n\t\t\t\t<\/div>\n\t\t\t\t<\/div>\n\t\t<div class=\"elementor-element elementor-element-651d275 e-con-full e-flex e-con e-parent\" data-id=\"651d275\" data-element_type=\"container\">\n\t\t\t\t<div class=\"elementor-element elementor-element-fc6003a elementor-widget elementor-widget-image\" data-id=\"fc6003a\" data-element_type=\"widget\" data-widget_type=\"image.default\">\n\t\t\t\t<div class=\"elementor-widget-container\">\n\t\t\t\t\t\t\t\t\t\t\t\t\t\t\t\t<a href=\"https:\/\/www.santanapg.com.br\/matricula2024\/utilcsa.pdf\">\n\t\t\t\t\t\t\t<img decoding=\"async\" src=\"https:\/\/www.santanapg.com.br\/site\/wp-content\/uploads\/elementor\/thumbs\/informacoes_importantes-q897h7h1vsnwwxwe7gswstcc0g2xoecwffwldbdouc.png\" title=\"informacoes_importantes\" alt=\"informacoes_importantes\" loading=\"lazy\" \/>\t\t\t\t\t\t\t\t<\/a>\n\t\t\t\t\t\t\t\t\t\t\t\t\t\t\t<\/div>\n\t\t\t\t<\/div>\n\t\t\t\t<div class=\"elementor-element elementor-element-b2c99e7 elementor-widget elementor-widget-heading\" data-id=\"b2c99e7\" data-element_type=\"widget\" data-widget_type=\"heading.default\">\n\t\t\t\t<div class=\"elementor-widget-container\">\n\t\t\t\t\t<h5 class=\"elementor-heading-title elementor-size-default\"><a href=\"https:\/\/www.santanapg.com.br\/matricula2024\/utilcsa.pdf\">Informa\u00e7\u00f5es \u00fateis<\/a><\/h5>\t\t\t\t<\/div>\n\t\t\t\t<\/div>\n\t\t\t\t<div class=\"elementor-element elementor-element-6deb97d elementor-widget elementor-widget-text-editor\" data-id=\"6deb97d\" data-element_type=\"widget\" data-widget_type=\"text-editor.default\">\n\t\t\t\t<div class=\"elementor-widget-container\">\n\t\t\t\t\t\t\t\t\t<p>Tudo o que voc\u00ea precisa saber para aproveitar bem o Col\u00e9gio Sant&#8217;Ana.<\/p>\t\t\t\t\t\t\t\t<\/div>\n\t\t\t\t<\/div>\n\t\t\t\t<\/div>\n\t\t\t\t<\/div>\n\t\t\t\t<\/div>\n\t\t","protected":false},"excerpt":{"rendered":"<p>Secretaria Lista de Materiais Confira os itens necess\u00e1rios para a rotina escolar do segmento do seu filho Novas matr\u00edculas Est\u00e1 em busca de um ambiente acolhedor, inovador e que estimule o desenvolvimento integral do seu filho(a)? Voc\u00ea est\u00e1 a um clique para agendar uma visita e descobrir tudo o que nosso col\u00e9gio tem a oferecer! [&hellip;]<\/p>\n","protected":false},"author":1,"featured_media":0,"parent":1339,"menu_order":5,"comment_status":"closed","ping_status":"closed","template":"elementor_header_footer","meta":{"_eb_attr":"","footnotes":""},"class_list":["post-1365","page","type-page","status-publish","hentry"],"_links":{"self":[{"href":"https:\/\/www.santanapg.com.br\/site\/wp-json\/wp\/v2\/pages\/1365","targetHints":{"allow":["GET"]}}],"collection":[{"href":"https:\/\/www.santanapg.com.br\/site\/wp-json\/wp\/v2\/pages"}],"about":[{"href":"https:\/\/www.santanapg.com.br\/site\/wp-json\/wp\/v2\/types\/page"}],"author":[{"embeddable":true,"href":"https:\/\/www.santanapg.com.br\/site\/wp-json\/wp\/v2\/users\/1"}],"replies":[{"embeddable":true,"href":"https:\/\/www.santanapg.com.br\/site\/wp-json\/wp\/v2\/comments?post=1365"}],"version-history":[{"count":57,"href":"https:\/\/www.santanapg.com.br\/site\/wp-json\/wp\/v2\/pages\/1365\/revisions"}],"predecessor-version":[{"id":3468,"href":"https:\/\/www.santanapg.com.br\/site\/wp-json\/wp\/v2\/pages\/1365\/revisions\/3468"}],"up":[{"embeddable":true,"href":"https:\/\/www.santanapg.com.br\/site\/wp-json\/wp\/v2\/pages\/1339"}],"wp:attachment":[{"href":"https:\/\/www.santanapg.com.br\/site\/wp-json\/wp\/v2\/media?parent=1365"}],"curies":[{"name":"wp","href":"https:\/\/api.w.org\/{rel}","templated":true}]}}