{"id":1341,"date":"2023-06-20T15:47:51","date_gmt":"2023-06-20T18:47:51","guid":{"rendered":"https:\/\/www.santanapg.com.br\/site\/?page_id=1341"},"modified":"2026-02-05T08:24:23","modified_gmt":"2026-02-05T11:24:23","slug":"area-de-pais-e-alunos","status":"publish","type":"page","link":"https:\/\/www.santanapg.com.br\/site\/servicos\/area-de-pais-e-alunos\/","title":{"rendered":"Fam\u00edlia OnLine"},"content":{"rendered":"\t\t<div data-elementor-type=\"wp-page\" data-elementor-id=\"1341\" class=\"elementor elementor-1341\" data-elementor-post-type=\"page\">\n\t\t\t\t<div class=\"elementor-element elementor-element-0262884 e-flex e-con-boxed e-con e-parent\" data-id=\"0262884\" data-element_type=\"container\" data-settings=\"{&quot;background_background&quot;:&quot;classic&quot;}\">\n\t\t\t\t\t<div class=\"e-con-inner\">\n\t\t\t\t<div class=\"elementor-element elementor-element-0253714 elementor-widget__width-inherit elementor-widget elementor-widget-heading\" data-id=\"0253714\" data-element_type=\"widget\" data-widget_type=\"heading.default\">\n\t\t\t\t<div class=\"elementor-widget-container\">\n\t\t\t\t\t<h2 class=\"elementor-heading-title elementor-size-default\">Fam\u00edlia OnLine<\/h2>\t\t\t\t<\/div>\n\t\t\t\t<\/div>\n\t\t\t\t\t<\/div>\n\t\t\t\t<\/div>\n\t\t\t\t<section class=\"elementor-section elementor-inner-section elementor-element elementor-element-da10626 elementor-section-full_width elementor-section-height-default elementor-section-height-default\" data-id=\"da10626\" data-element_type=\"section\">\n\t\t\t\t\t\t<div class=\"elementor-container elementor-column-gap-default\">\n\t\t\t\t\t<div class=\"elementor-column elementor-col-20 elementor-inner-column elementor-element elementor-element-f5d9104\" data-id=\"f5d9104\" data-element_type=\"column\">\n\t\t\t<div class=\"elementor-widget-wrap\">\n\t\t\t\t\t\t\t<\/div>\n\t\t<\/div>\n\t\t\t\t<div class=\"elementor-column elementor-col-20 elementor-inner-column elementor-element elementor-element-5f6910ea\" data-id=\"5f6910ea\" data-element_type=\"column\">\n\t\t\t<div class=\"elementor-widget-wrap elementor-element-populated\">\n\t\t\t\t<a class=\"eael-wrapper-link-42151453 --eael-wrapper-link-tag\" href=\"https:\/\/www.santanapg.com.br\/avisos\"><\/a>\t\t<div data-eael-wrapper-link=\"eael-wrapper-link-42151453\" class=\"elementor-element elementor-element-42151453 ekit-equal-height-disable elementor-widget elementor-widget-elementskit-icon-box\" data-id=\"42151453\" data-element_type=\"widget\" data-widget_type=\"elementskit-icon-box.default\">\n\t\t\t\t<div class=\"elementor-widget-container\">\n\t\t\t\t\t<div class=\"ekit-wid-con\" >        <!-- link opening -->\n                <a href=\"https:\/\/www.santanapg.com.br\/avisos\" target=\"_blank\" class=\"ekit_global_links\">\n                <!-- end link opening -->\n\n        <div class=\"elementskit-infobox text-center text- icon-top-align elementor-animation-   \">\n                    <div class=\"elementskit-box-header elementor-animation-\">\n                <div class=\"elementskit-info-box-icon  \">\n                    <i aria-hidden=\"true\" class=\"elementkit-infobox-icon icofont icofont-mega-phone\"><\/i>\n                <\/div>\n          <\/div>\n                        <div class=\"box-body\">\n                            <h3 class=\"elementskit-info-box-title\">\n                    Avisos e Avalia\u00e7\u00f5es                <\/h3>\n                                            <\/div>\n        \n        \n                <\/div>\n                <\/a>\n        <\/div>\t\t\t\t<\/div>\n\t\t\t\t<\/div>\n\t\t\t\t\t<\/div>\n\t\t<\/div>\n\t\t\t\t<div class=\"elementor-column elementor-col-20 elementor-inner-column elementor-element elementor-element-34808811\" data-id=\"34808811\" data-element_type=\"column\">\n\t\t\t<div class=\"elementor-widget-wrap elementor-element-populated\">\n\t\t\t\t<a class=\"eael-wrapper-link-8694760 --eael-wrapper-link-tag\" href=\"https:\/\/www.santanapg.com.br\/segundachamada\/\"><\/a>\t\t<div data-eael-wrapper-link=\"eael-wrapper-link-8694760\" class=\"elementor-element elementor-element-8694760 ekit-equal-height-disable elementor-widget elementor-widget-elementskit-icon-box\" data-id=\"8694760\" data-element_type=\"widget\" data-widget_type=\"elementskit-icon-box.default\">\n\t\t\t\t<div class=\"elementor-widget-container\">\n\t\t\t\t\t<div class=\"ekit-wid-con\" >        <!-- link opening -->\n                <a href=\"https:\/\/www.santanapg.com.br\/segundachamada\/\" target=\"_blank\" class=\"ekit_global_links\">\n                <!-- end link opening -->\n\n        <div class=\"elementskit-infobox text-center text- icon-top-align elementor-animation-   \">\n                    <div class=\"elementskit-box-header elementor-animation-\">\n                <div class=\"elementskit-info-box-icon  \">\n                    <i aria-hidden=\"true\" class=\"elementkit-infobox-icon icon icon-Document-Search\"><\/i>\n                <\/div>\n          <\/div>\n                        <div class=\"box-body\">\n                            <h3 class=\"elementskit-info-box-title\">\n                    Provas de Segunda Chamada                <\/h3>\n                                            <\/div>\n        \n        \n                <\/div>\n                <\/a>\n        <\/div>\t\t\t\t<\/div>\n\t\t\t\t<\/div>\n\t\t\t\t\t<\/div>\n\t\t<\/div>\n\t\t\t\t<div class=\"elementor-column elementor-col-20 elementor-inner-column elementor-element elementor-element-b9ff517\" data-id=\"b9ff517\" data-element_type=\"column\">\n\t\t\t<div class=\"elementor-widget-wrap elementor-element-populated\">\n\t\t\t\t<a class=\"eael-wrapper-link-2e4a99b6 --eael-wrapper-link-tag\" href=\"https:\/\/www.santanapg.com.br\/boletos\/\"><\/a>\t\t<div data-eael-wrapper-link=\"eael-wrapper-link-2e4a99b6\" class=\"elementor-element elementor-element-2e4a99b6 ekit-equal-height-disable elementor-widget elementor-widget-elementskit-icon-box\" data-id=\"2e4a99b6\" data-element_type=\"widget\" data-widget_type=\"elementskit-icon-box.default\">\n\t\t\t\t<div class=\"elementor-widget-container\">\n\t\t\t\t\t<div class=\"ekit-wid-con\" >        <!-- link opening -->\n                <a href=\"https:\/\/www.santanapg.com.br\/boletos\/\" class=\"ekit_global_links\">\n                <!-- end link opening -->\n\n        <div class=\"elementskit-infobox text-center text- icon-top-align elementor-animation-   \">\n                    <div class=\"elementskit-box-header elementor-animation-\">\n                <div class=\"elementskit-info-box-icon  \">\n                    <i aria-hidden=\"true\" class=\"elementkit-infobox-icon icon icon-money-3\"><\/i>\n                <\/div>\n          <\/div>\n                        <div class=\"box-body\">\n                            <h3 class=\"elementskit-info-box-title\">\n                    Boletos, Bolsas Sociais e  Declara\u00e7\u00e3o IR                <\/h3>\n                                            <\/div>\n        \n        \n                <\/div>\n                <\/a>\n        <\/div>\t\t\t\t<\/div>\n\t\t\t\t<\/div>\n\t\t\t\t\t<\/div>\n\t\t<\/div>\n\t\t\t\t<div class=\"elementor-column elementor-col-20 elementor-inner-column elementor-element elementor-element-4b54e9b1\" data-id=\"4b54e9b1\" data-element_type=\"column\">\n\t\t\t<div class=\"elementor-widget-wrap\">\n\t\t\t\t\t\t\t<\/div>\n\t\t<\/div>\n\t\t\t\t\t<\/div>\n\t\t<\/section>\n\t\t<div class=\"elementor-element elementor-element-25bbcc1 e-con-full e-flex e-con e-parent\" data-id=\"25bbcc1\" data-element_type=\"container\">\n\t\t\t\t<div class=\"elementor-element elementor-element-3223b89 elementor-widget elementor-widget-text-editor\" data-id=\"3223b89\" data-element_type=\"widget\" data-widget_type=\"text-editor.default\">\n\t\t\t\t<div class=\"elementor-widget-container\">\n\t\t\t\t\t\t\t\t\t<p>Arquivos importantes da rotina de estudos de todos os segmentos do Col\u00e9gio. Localize a pasta e realize o download clicando no arquivo desejado.<\/p>\t\t\t\t\t\t\t\t<\/div>\n\t\t\t\t<\/div>\n\t\t\t\t<\/div>\n\t\t<div class=\"elementor-element elementor-element-d516305 e-flex e-con-boxed e-con e-parent\" data-id=\"d516305\" data-element_type=\"container\" data-settings=\"{&quot;background_background&quot;:&quot;classic&quot;}\">\n\t\t\t\t\t<div class=\"e-con-inner\">\n\t\t<div class=\"elementor-element elementor-element-dd98cfa e-con-full e-flex e-con e-child\" data-id=\"dd98cfa\" data-element_type=\"container\">\n\t\t\t\t<div class=\"elementor-element elementor-element-666354a elementor-widget elementor-widget-image\" data-id=\"666354a\" data-element_type=\"widget\" data-widget_type=\"image.default\">\n\t\t\t\t<div class=\"elementor-widget-container\">\n\t\t\t\t\t\t\t\t\t\t\t\t\t\t\t\t<a href=\"https:\/\/linktr.ee\/escolar.centauro.on?utm_campaign=lancamento_acesso_escolar_para_escolas_ativas&#038;utm_medium=email&#038;utm_source=RD+Station\">\n\t\t\t\t\t\t\t<img decoding=\"async\" src=\"https:\/\/www.santanapg.com.br\/site\/wp-content\/uploads\/elementor\/thumbs\/pasta_areapais-q8967cwg9y54a2v71v5sr638od82hjp3m5exf59kcc.png\" title=\"pasta_areapais\" alt=\"pasta_areapais\" loading=\"lazy\" \/>\t\t\t\t\t\t\t\t<\/a>\n\t\t\t\t\t\t\t\t\t\t\t\t\t\t\t<\/div>\n\t\t\t\t<\/div>\n\t\t\t\t<div class=\"elementor-element elementor-element-d058baa elementor-widget elementor-widget-heading\" data-id=\"d058baa\" data-element_type=\"widget\" data-widget_type=\"heading.default\">\n\t\t\t\t<div class=\"elementor-widget-container\">\n\t\t\t\t\t<h5 class=\"elementor-heading-title elementor-size-default\"><a href=\"https:\/\/linktr.ee\/escolar.centauro.on?utm_campaign=lancamento_acesso_escolar_para_escolas_ativas&#038;utm_medium=email&#038;utm_source=RD+Station\" target=\"_blank\">Seguro Escolar<\/a><\/h5>\t\t\t\t<\/div>\n\t\t\t\t<\/div>\n\t\t\t\t<\/div>\n\t\t<div class=\"elementor-element elementor-element-da8677a e-con-full e-flex e-con e-child\" data-id=\"da8677a\" data-element_type=\"container\">\n\t\t\t\t<div class=\"elementor-element elementor-element-58334d7 elementor-widget elementor-widget-image\" data-id=\"58334d7\" data-element_type=\"widget\" data-widget_type=\"image.default\">\n\t\t\t\t<div class=\"elementor-widget-container\">\n\t\t\t\t\t\t\t\t\t\t\t\t\t\t\t\t<a href=\"https:\/\/www.santanapg.com.br\/arquivos\/calendario.pdf\">\n\t\t\t\t\t\t\t<img decoding=\"async\" src=\"https:\/\/www.santanapg.com.br\/site\/wp-content\/uploads\/elementor\/thumbs\/pasta_areapais-q8967cwg9y54a2v71v5sr638od82hjp3m5exf59kcc.png\" title=\"pasta_areapais\" alt=\"pasta_areapais\" loading=\"lazy\" \/>\t\t\t\t\t\t\t\t<\/a>\n\t\t\t\t\t\t\t\t\t\t\t\t\t\t\t<\/div>\n\t\t\t\t<\/div>\n\t\t\t\t<div class=\"elementor-element elementor-element-1288894 elementor-widget elementor-widget-heading\" data-id=\"1288894\" data-element_type=\"widget\" data-widget_type=\"heading.default\">\n\t\t\t\t<div class=\"elementor-widget-container\">\n\t\t\t\t\t<h5 class=\"elementor-heading-title elementor-size-default\"><a href=\"https:\/\/www.santanapg.com.br\/arquivos\/calendario.pdf\">Calend\u00e1rio Escolar <\/a><\/h5>\t\t\t\t<\/div>\n\t\t\t\t<\/div>\n\t\t\t\t<\/div>\n\t\t<div class=\"elementor-element elementor-element-282d7a5 e-con-full e-flex e-con e-child\" data-id=\"282d7a5\" data-element_type=\"container\">\n\t\t\t\t<div class=\"elementor-element elementor-element-c768207 elementor-widget elementor-widget-image\" data-id=\"c768207\" data-element_type=\"widget\" data-widget_type=\"image.default\">\n\t\t\t\t<div class=\"elementor-widget-container\">\n\t\t\t\t\t\t\t\t\t\t\t\t\t\t\t\t<a href=\"https:\/\/www.santanapg.com.br\/matricula\/listamaterial.php\">\n\t\t\t\t\t\t\t<img decoding=\"async\" src=\"https:\/\/www.santanapg.com.br\/site\/wp-content\/uploads\/elementor\/thumbs\/pasta_areapais-q8967cwg9y54a2v71v5sr638od82hjp3m5exf59kcc.png\" title=\"pasta_areapais\" alt=\"pasta_areapais\" loading=\"lazy\" \/>\t\t\t\t\t\t\t\t<\/a>\n\t\t\t\t\t\t\t\t\t\t\t\t\t\t\t<\/div>\n\t\t\t\t<\/div>\n\t\t\t\t<div class=\"elementor-element elementor-element-b259efd elementor-widget elementor-widget-heading\" data-id=\"b259efd\" data-element_type=\"widget\" data-widget_type=\"heading.default\">\n\t\t\t\t<div class=\"elementor-widget-container\">\n\t\t\t\t\t<h5 class=\"elementor-heading-title elementor-size-default\"><a href=\"https:\/\/www.santanapg.com.br\/matricula\/listamaterial.php\">Listas de Materiais<\/a><\/h5>\t\t\t\t<\/div>\n\t\t\t\t<\/div>\n\t\t\t\t<\/div>\n\t\t<div class=\"elementor-element elementor-element-767b25e e-con-full e-flex e-con e-child\" data-id=\"767b25e\" data-element_type=\"container\">\n\t\t\t\t<div class=\"elementor-element elementor-element-d8aad9e elementor-widget elementor-widget-image\" data-id=\"d8aad9e\" data-element_type=\"widget\" data-widget_type=\"image.default\">\n\t\t\t\t<div class=\"elementor-widget-container\">\n\t\t\t\t\t\t\t\t\t\t\t\t\t\t\t\t<a href=\"https:\/\/www.santanapg.com.br\/avisos\">\n\t\t\t\t\t\t\t<img decoding=\"async\" src=\"https:\/\/www.santanapg.com.br\/site\/wp-content\/uploads\/elementor\/thumbs\/pasta_areapais-q8967cwg9y54a2v71v5sr638od82hjp3m5exf59kcc.png\" title=\"pasta_areapais\" alt=\"pasta_areapais\" loading=\"lazy\" \/>\t\t\t\t\t\t\t\t<\/a>\n\t\t\t\t\t\t\t\t\t\t\t\t\t\t\t<\/div>\n\t\t\t\t<\/div>\n\t\t\t\t<div class=\"elementor-element elementor-element-64c1aa0 elementor-widget elementor-widget-heading\" data-id=\"64c1aa0\" data-element_type=\"widget\" data-widget_type=\"heading.default\">\n\t\t\t\t<div class=\"elementor-widget-container\">\n\t\t\t\t\t<h5 class=\"elementor-heading-title elementor-size-default\"><a href=\"https:\/\/www.santanapg.com.br\/avisos\">Hor\u00e1rios das Aulas <\/a><\/h5>\t\t\t\t<\/div>\n\t\t\t\t<\/div>\n\t\t\t\t<\/div>\n\t\t<div class=\"elementor-element elementor-element-5dd53f5 e-con-full e-flex e-con e-child\" data-id=\"5dd53f5\" data-element_type=\"container\">\n\t\t\t\t<div class=\"elementor-element elementor-element-63daa97 elementor-widget elementor-widget-image\" data-id=\"63daa97\" data-element_type=\"widget\" data-widget_type=\"image.default\">\n\t\t\t\t<div class=\"elementor-widget-container\">\n\t\t\t\t\t\t\t\t\t\t\t\t\t\t\t\t<a href=\"https:\/\/santanapr.souionica.com.br\/\">\n\t\t\t\t\t\t\t<img decoding=\"async\" src=\"https:\/\/www.santanapg.com.br\/site\/wp-content\/uploads\/elementor\/thumbs\/pasta_areapais-q8967cwg9y54a2v71v5sr638od82hjp3m5exf59kcc.png\" title=\"pasta_areapais\" alt=\"pasta_areapais\" loading=\"lazy\" \/>\t\t\t\t\t\t\t\t<\/a>\n\t\t\t\t\t\t\t\t\t\t\t\t\t\t\t<\/div>\n\t\t\t\t<\/div>\n\t\t\t\t<div class=\"elementor-element elementor-element-7d0ae25 elementor-widget elementor-widget-heading\" data-id=\"7d0ae25\" data-element_type=\"widget\" data-widget_type=\"heading.default\">\n\t\t\t\t<div class=\"elementor-widget-container\">\n\t\t\t\t\t<h5 class=\"elementor-heading-title elementor-size-default\"><a href=\"https:\/\/santanapr.souionica.com.br\/\">Portal I\u00f4nica FTD<\/a><\/h5>\t\t\t\t<\/div>\n\t\t\t\t<\/div>\n\t\t\t\t<\/div>\n\t\t\t\t\t<\/div>\n\t\t\t\t<\/div>\n\t\t<div class=\"elementor-element elementor-element-fa739b2 e-con-full e-flex e-con e-parent\" data-id=\"fa739b2\" data-element_type=\"container\">\n\t\t<div class=\"elementor-element elementor-element-b20429e e-con-full e-flex e-con e-child\" data-id=\"b20429e\" data-element_type=\"container\">\n\t\t\t\t<\/div>\n\t\t<div class=\"elementor-element elementor-element-955a4ba e-con-full e-flex e-con e-child\" data-id=\"955a4ba\" data-element_type=\"container\">\n\t\t\t\t<\/div>\n\t\t<div class=\"elementor-element elementor-element-6d94c67 e-con-full e-flex e-con e-child\" data-id=\"6d94c67\" data-element_type=\"container\">\n\t\t\t\t<\/div>\n\t\t<div class=\"elementor-element elementor-element-68de090 e-con-full e-flex e-con e-child\" data-id=\"68de090\" data-element_type=\"container\">\n\t\t<a class=\"eael-wrapper-link-fe06f01 --eael-wrapper-link-tag\" href=\"https:\/\/www.iessa.edu.br\/csa\/horario2023\/horariotecnicos.pdf\"><\/a>\t\t<\/div>\n\t\t\t\t<\/div>\n\t\t\t\t<\/div>\n\t\t","protected":false},"excerpt":{"rendered":"<p>Fam\u00edlia OnLine Avisos e Avalia\u00e7\u00f5es Provas de Segunda Chamada Boletos, Bolsas Sociais e Declara\u00e7\u00e3o IR Arquivos importantes da rotina de estudos de todos os segmentos do Col\u00e9gio. Localize a pasta e realize o download clicando no arquivo desejado. Seguro Escolar Calend\u00e1rio Escolar Listas de Materiais Hor\u00e1rios das Aulas Portal I\u00f4nica FTD<\/p>\n","protected":false},"author":1,"featured_media":0,"parent":1339,"menu_order":6,"comment_status":"closed","ping_status":"closed","template":"","meta":{"_eb_attr":"","footnotes":""},"class_list":["post-1341","page","type-page","status-publish","hentry"],"_links":{"self":[{"href":"https:\/\/www.santanapg.com.br\/site\/wp-json\/wp\/v2\/pages\/1341","targetHints":{"allow":["GET"]}}],"collection":[{"href":"https:\/\/www.santanapg.com.br\/site\/wp-json\/wp\/v2\/pages"}],"about":[{"href":"https:\/\/www.santanapg.com.br\/site\/wp-json\/wp\/v2\/types\/page"}],"author":[{"embeddable":true,"href":"https:\/\/www.santanapg.com.br\/site\/wp-json\/wp\/v2\/users\/1"}],"replies":[{"embeddable":true,"href":"https:\/\/www.santanapg.com.br\/site\/wp-json\/wp\/v2\/comments?post=1341"}],"version-history":[{"count":205,"href":"https:\/\/www.santanapg.com.br\/site\/wp-json\/wp\/v2\/pages\/1341\/revisions"}],"predecessor-version":[{"id":3986,"href":"https:\/\/www.santanapg.com.br\/site\/wp-json\/wp\/v2\/pages\/1341\/revisions\/3986"}],"up":[{"embeddable":true,"href":"https:\/\/www.santanapg.com.br\/site\/wp-json\/wp\/v2\/pages\/1339"}],"wp:attachment":[{"href":"https:\/\/www.santanapg.com.br\/site\/wp-json\/wp\/v2\/media?parent=1341"}],"curies":[{"name":"wp","href":"https:\/\/api.w.org\/{rel}","templated":true}]}}